{"id":1350,"date":"2024-07-20T00:18:45","date_gmt":"2024-07-19T22:18:45","guid":{"rendered":"https:\/\/simplifymallorca.com\/imprint"},"modified":"2026-05-10T21:24:37","modified_gmt":"2026-05-10T19:24:37","slug":"impressum","status":"publish","type":"page","link":"https:\/\/simplifymallorca.com\/de\/impressum\/","title":{"rendered":"Impressum"},"content":{"rendered":"<div class=\"brz-root__container brz-reset-all brz brz-root__container-page\">\n<section id=\"27a39afe92a156ff46ca_yfIAztHpk73o\" class=\"brz-section brz-css-969iwi brz-css-13bm49h\">\n<div class=\"brz-section__content brz-section--boxed brz-css-1szxcs0 brz-css-18c2s6g\" data-brz-custom-id=\"kgtYz3EwjaYU\">\n<div class=\"brz-container brz-css-z7uww3 brz-css-jpxc4u\">\n<div id=\"\" class=\"brz-css-1avv33j brz-css-1t239nr brz-wrapper\">\n<div class=\"brz-rich-text brz-rich-text__custom brz-css-5fvv0t brz-css-18jh1uh\" data-brz-custom-id=\"osqRjJ7TPLAG\">\n<div data-brz-translate-text=\"1\">\n<h3 class=\"brz-text-lg-center brz-tp-lg-heading3 brz-css-i6jLP\" data-generated-css=\"brz-css-oSLEk\" data-uniq-id=\"s1m1_\"><span class=\"brz-capitalize-on\">Impressum<\/span><\/h3>\n<\/div>\n<\/div>\n<\/div>\n<div id=\"\" class=\"brz-css-1avv33j brz-css-1clgdky brz-css-1fxvrfs brz-wrapper\">\n<div class=\"brz-spacer brz-css-1ku2mz1 brz-css-1sl19hh\"><\/div>\n<\/div>\n<div id=\"\" class=\"brz-css-1avv33j brz-css-n5o46x brz-wrapper\">\n<div class=\"brz-rich-text brz-rich-text__custom brz-css-5fvv0t brz-css-1okvt5u\" data-brz-custom-id=\"x5bfyrHEDuNr\">\n<div data-brz-translate-text=\"1\">\n<p class=\"brz-tp-lg-paragraph brz-css-p2j_2\" data-uniq-id=\"todoD\" data-generated-css=\"brz-css-zd7iG\"><strong class=\"brz-capitalize-on brz-cp-color3\">Informationen nach \u00a7 5 TMG<\/strong><\/p>\n<p class=\"brz-tp-lg-paragraph brz-css-wNYfC\" data-uniq-id=\"sENKE\" data-generated-css=\"brz-css-wtRrq\"><span class=\"brz-cp-color3\">Simplify Mallorca<\/span><\/p>\n<p class=\"brz-tp-lg-paragraph brz-css-vtSjp\" data-uniq-id=\"oAsxf\" data-generated-css=\"brz-css-uyeTm\"><span class=\"brz-cp-color3\">Carrer de Sant Joaquim 2<\/span><\/p>\n<p class=\"brz-tp-lg-paragraph brz-css-fMiU1\" data-uniq-id=\"mNsho\" data-generated-css=\"brz-css-hlcfF\"><span class=\"brz-cp-color3\">07003 Palma<\/span><\/p>\n<p class=\"brz-tp-lg-paragraph brz-css-inmu9\" data-uniq-id=\"rCnxv\" data-generated-css=\"brz-css-z6OIb\"><span class=\"brz-cp-color3\">Islas Baleares &#8211; Spanien <\/span><\/p>\n<\/div>\n<\/div>\n<\/div>\n<div id=\"\" class=\"brz-css-1avv33j brz-css-cpkqvc brz-wrapper\">\n<div class=\"brz-rich-text brz-rich-text__custom brz-css-5fvv0t brz-css-10qkv7j\" data-brz-custom-id=\"c6E_opq0ygJS\">\n<div data-brz-translate-text=\"1\">\n<p class=\"brz-tp-lg-paragraph brz-css-dpVQ8\" data-generated-css=\"brz-css-x88aR\" data-uniq-id=\"uRZ0w\"><strong class=\"brz-capitalize-on brz-cp-color3\">Vertreten durch<\/strong><\/p>\n<p class=\"brz-tp-lg-paragraph brz-css-xW507\" data-generated-css=\"brz-css-bpKKF\" data-uniq-id=\"c5mrd\"><span class=\"brz-cp-color3\">Management: Sylvia Jessensky<\/span><\/p>\n<p class=\"brz-tp-lg-paragraph brz-css-upBwJ\" data-generated-css=\"brz-css-fnv0s\" data-uniq-id=\"i8mZZ\"><strong class=\"brz-capitalize-on brz-cp-color3\">Kontakt<\/strong><\/p>\n<p class=\"brz-tp-lg-paragraph brz-css-pUvjQ\" data-generated-css=\"brz-css-prWUN\" data-uniq-id=\"wB_ZZ\"><span class=\"brz-cp-color3\">E-mail: info @ simplifymallorca.com<\/span><\/p>\n<p class=\"brz-tp-lg-paragraph brz-css-q6zck\" data-generated-css=\"brz-css-rWHiO\" data-uniq-id=\"nejnY\"><span class=\"brz-cp-color3\">Tel: +34 682 36 16&nbsp;55 <\/span><\/p>\n<\/div>\n<\/div>\n<\/div>\n<div id=\"\" class=\"brz-css-1avv33j brz-css-ant8v2 brz-wrapper\">\n<div class=\"brz-rich-text brz-rich-text__custom brz-css-5fvv0t brz-css-1h0nnuh\" data-brz-custom-id=\"iLRW_9wtbeZG\">\n<div data-brz-translate-text=\"1\">\n<p class=\"brz-tp-lg-paragraph brz-css-cdpIO\" data-uniq-id=\"hzvVK\" data-generated-css=\"brz-css-jjTTA\"><strong class=\"brz-cp-color3 brz-capitalize-on\">Verkaufssteuer<\/strong><\/p>\n<p class=\"brz-tp-lg-paragraph brz-css-yslSq\" data-uniq-id=\"s5DhN\" data-generated-css=\"brz-css-mz_L8\"><span class=\"brz-cp-color3\">Umsatzsteuer-Identifikationsnummer | CIF: Y3924166N<\/span><\/p>\n<\/div>\n<\/div>\n<\/div>\n<div id=\"\" class=\"brz-css-1avv33j brz-css-1l483kn brz-wrapper\">\n<div class=\"brz-rich-text brz-rich-text__custom brz-css-5fvv0t brz-css-x3pw8w\" data-brz-custom-id=\"c7_mpkBAhBZ_\">\n<div data-brz-translate-text=\"1\">\n<p class=\"brz-tp-lg-paragraph brz-css-qrsCe\" data-uniq-id=\"o37gh\" data-generated-css=\"brz-css-c_u0j\"><strong class=\"brz-cp-color3 brz-capitalize-on\">Beilegung von Streitigkeiten<\/strong><\/p>\n<p class=\"brz-tp-lg-paragraph brz-css-tlZXY\" data-uniq-id=\"le1Zx\" data-generated-css=\"brz-css-kwnbJ\"><span class=\"brz-cp-color3\">Die Europ\u00e4ische Kommission stellt eine Plattform zur Online-Streitbeilegung (OS) bereit: https:\/\/ec.europa.eu\/consumers\/odr\/.You. Unsere E-Mail-Adresse finden Sie im obigen Impressum. Wir sind nicht bereit oder verpflichtet, an Streitbeilegungsverfahren vor einer Verbraucherschlichtungsstelle teilzunehmen.<\/span><\/p>\n<\/div>\n<\/div>\n<\/div>\n<div id=\"\" class=\"brz-css-1avv33j brz-css-sxjoh8 brz-wrapper\">\n<div class=\"brz-rich-text brz-rich-text__custom brz-css-5fvv0t brz-css-1ceh95p\" data-brz-custom-id=\"txJc2UEUkzxl\">\n<div data-brz-translate-text=\"1\">\n<p class=\"brz-tp-lg-paragraph brz-css-mySr5\" data-generated-css=\"brz-css-sXA08\" data-uniq-id=\"hZr0K\"><strong class=\"brz-capitalize-on brz-cp-color3\">Haftung f\u00fcr Inhalte<\/strong><\/p>\n<p class=\"brz-tp-lg-paragraph brz-css-ghW2S\" data-generated-css=\"brz-css-i6sq_\" data-uniq-id=\"hOpaS\"><span class=\"brz-cp-color3\">Als Dienstanbieter sind wir gem\u00e4\u00df \u00a7 7 Abs.1 TMG f\u00fcr eigene Inhalte auf diesen Seiten nach den allgemeinen Gesetzen verantwortlich. Nach \u00a7\u00a7 8 bis 10 TMG sind wir als Diensteanbieter jedoch nicht verpflichtet, \u00fcbermittelte oder gespeicherte fremde Informationen zu \u00fcberwachen oder nach Umst\u00e4nden zu forschen, die auf eine rechtswidrige T\u00e4tigkeit hinweisen. Verpflichtungen zur Entfernung oder Sperrung der Nutzung von Informationen nach den allgemeinen Gesetzen bleiben hiervon unber\u00fchrt. Eine diesbez\u00fcgliche Haftung ist jedoch erst ab dem Zeitpunkt der Kenntnis einer konkreten Rechtsverletzung m\u00f6glich. Bei Bekanntwerden von entsprechenden Rechtsverletzungen werden wir diese Inhalte umgehend entfernen.<\/span><\/p>\n<\/div>\n<\/div>\n<\/div>\n<div id=\"\" class=\"brz-css-1avv33j brz-css-1qtmbpz brz-wrapper\">\n<div class=\"brz-rich-text brz-rich-text__custom brz-css-5fvv0t brz-css-1nzo81d\" data-brz-custom-id=\"qfFl9mptvy1F\">\n<div data-brz-translate-text=\"1\">\n<p class=\"brz-tp-lg-paragraph brz-css-mwgNu\" data-uniq-id=\"p7EMV\" data-generated-css=\"brz-css-dRR6T\"><strong class=\"brz-cp-color3 brz-capitalize-on\">Haftung f\u00fcr Links<\/strong><\/p>\n<p class=\"brz-tp-lg-paragraph brz-css-fahoz\" data-uniq-id=\"vvUIA\" data-generated-css=\"brz-css-qrUnv\"><span class=\"brz-cp-color3\">Unser Angebot enth\u00e4lt Links zu externen Webseiten Dritter, auf deren Inhalte wir keinen Einfluss haben. Deshalb k\u00f6nnen wir f\u00fcr diese fremden Inhalte auch keine Gew\u00e4hr \u00fcbernehmen. F\u00fcr die Inhalte der verlinkten Seiten ist stets der jeweilige Anbieter oder Betreiber der Seiten verantwortlich. Die verlinkten Seiten wurden zum Zeitpunkt der Verlinkung auf m\u00f6gliche Rechtsverst\u00f6\u00dfe \u00fcberpr\u00fcft. Rechtswidrige Inhalte waren zum Zeitpunkt der Verlinkung nicht erkennbar. Eine permanente inhaltliche Kontrolle der verlinkten Seiten ist jedoch ohne konkrete Anhaltspunkte einer Rechtsverletzung nicht zumutbar. Bei Bekanntwerden von Rechtsverletzungen werden wir derartige Links umgehend entfernen. <\/span><\/p>\n<\/div>\n<\/div>\n<\/div>\n<div id=\"\" class=\"brz-css-1avv33j brz-css-11r2ph1 brz-wrapper\">\n<div class=\"brz-rich-text brz-rich-text__custom brz-css-5fvv0t brz-css-1gsy5i9\" data-brz-custom-id=\"uZ1VOZnx6_Dl\">\n<div data-brz-translate-text=\"1\">\n<p class=\"brz-tp-lg-paragraph brz-css-vd6s6\" data-uniq-id=\"yCCC4\" data-generated-css=\"brz-css-taoqw\"><strong class=\"brz-cp-color3 brz-capitalize-on\">Urheberrecht<\/strong><\/p>\n<p class=\"brz-tp-lg-paragraph brz-css-p1thN\" data-uniq-id=\"cPZGn\" data-generated-css=\"brz-css-jHmGj\"><span class=\"brz-cp-color3\">Die durch die Seitenbetreiber erstellten Inhalte und Werke auf diesen Seiten unterliegen dem deutschen Urheberrecht. Die Vervielf\u00e4ltigung, Bearbeitung, Verbreitung und jede Art der Verwertung au\u00dferhalb der Grenzen des Urheberrechtes bed\u00fcrfen der schriftlichen Zustimmung des jeweiligen Autors bzw. Erstellers. Downloads und Kopien dieser Seite sind nur f\u00fcr den privaten, nicht kommerziellen Gebrauch gestattet. Soweit die Inhalte auf dieser Seite nicht vom Betreiber erstellt wurden, werden die Urheberrechte Dritter beachtet. Insbesondere werden Inhalte Dritter als solche gekennzeichnet. Sollten Sie trotzdem auf eine Urheberrechtsverletzung aufmerksam werden, bitten wir um einen entsprechenden Hinweis. Bei Bekanntwerden von Rechtsverletzungen werden wir derartige Inhalte umgehend entfernen.<\/span><\/p>\n<\/div>\n<\/div>\n<\/div>\n<div id=\"\" class=\"brz-css-1avv33j brz-css-1ot268v brz-wrapper\">\n<div class=\"brz-rich-text brz-rich-text__custom brz-css-5fvv0t brz-css-13auam5\" data-brz-custom-id=\"wcwKTjcyblXG\">\n<div data-brz-translate-text=\"1\">\n<p class=\"brz-tp-lg-paragraph brz-css-mhEMM\" data-generated-css=\"brz-css-uzJnf\" data-uniq-id=\"nX6cg\"><strong class=\"brz-cp-color3 brz-capitalize-on\">Bildnachweis<\/strong><\/p>\n<p class=\"brz-tp-lg-paragraph brz-css-k_xrp\" data-generated-css=\"brz-css-nHBBS\" data-uniq-id=\"uwGnB\"><span class=\"brz-cp-color3\">4 PM production \/ shutterstock.com, JoshoJosho \/ shutterstock.com \/ Lizenziert f\u00fcr kommerzielle Nutzung durch Pixabay \/ Unsplash \/ Pexels<\/span><\/p>\n<\/div>\n<\/div>\n<\/div>\n<div id=\"\" class=\"brz-css-1avv33j brz-css-ee94ga brz-wrapper\">\n<div class=\"brz-rich-text brz-rich-text__custom brz-css-5fvv0t brz-css-1hmz9ze\" data-brz-custom-id=\"bK6BPryfx0GA\">\n<div data-brz-translate-text=\"1\">\n<p class=\"brz-tp-lg-paragraph brz-css-aMKaO\" data-uniq-id=\"aInrf\" data-generated-css=\"brz-css-spKLo\"><strong class=\"brz-cp-color3 brz-capitalize-on\">Schriftarten<\/strong><\/p>\n<p class=\"brz-tp-lg-paragraph brz-css-xTevP\" data-uniq-id=\"nvJM1\" data-generated-css=\"brz-css-pWYMo\"><span class=\"brz-cp-color3\">Wir verwenden ausschlie\u00dflich Schriftarten, die unter der SIL Open Font License lizenziert sind.<\/span><\/p>\n<\/div>\n<\/div>\n<\/div>\n<\/div>\n<\/div>\n<\/section>\n<\/div>\n<p>    <!-- version:1754041497 --><\/p>\n","protected":false},"excerpt":{"rendered":"<p>Impressum Informationen nach \u00a7 5 TMG Simplify Mallorca Carrer de Sant Joaquim 2 07003 Palma Islas Baleares &#8211; Spanien Vertreten [&hellip;]<\/p>\n","protected":false},"author":1,"featured_media":0,"parent":0,"menu_order":0,"comment_status":"closed","ping_status":"closed","template":"","meta":{"_uag_custom_page_level_css":"","site-sidebar-layout":"default","site-content-layout":"","ast-site-content-layout":"","site-content-style":"default","site-sidebar-style":"default","ast-global-header-display":"","ast-banner-title-visibility":"","ast-main-header-display":"","ast-hfb-above-header-display":"","ast-hfb-below-header-display":"","ast-hfb-mobile-header-display":"","site-post-title":"disabled","ast-breadcrumbs-content":"","ast-featured-img":"","footer-sml-layout":"","ast-disable-related-posts":"","theme-transparent-header-meta":"","adv-header-id-meta":"","stick-header-meta":"","header-above-stick-meta":"","header-main-stick-meta":"","header-below-stick-meta":"","astra-migrate-meta-layouts":"default","ast-page-background-enabled":"default","ast-page-background-meta":{"desktop":{"background-color":"var(--ast-global-color-4)","background-image":"","background-repeat":"repeat","background-position":"center center","background-size":"auto","background-attachment":"scroll","background-type":"","background-media":"","overlay-type":"","overlay-color":"","overlay-opacity":"","overlay-gradient":""},"tablet":{"background-color":"","background-image":"","background-repeat":"repeat","background-position":"center center","background-size":"auto","background-attachment":"scroll","background-type":"","background-media":"","overlay-type":"","overlay-color":"","overlay-opacity":"","overlay-gradient":""},"mobile":{"background-color":"","background-image":"","background-repeat":"repeat","background-position":"center center","background-size":"auto","background-attachment":"scroll","background-type":"","background-media":"","overlay-type":"","overlay-color":"","overlay-opacity":"","overlay-gradient":""}},"ast-content-background-meta":{"desktop":{"background-color":"var(--ast-global-color-5)","background-image":"","background-repeat":"repeat","background-position":"center center","background-size":"auto","background-attachment":"scroll","background-type":"","background-media":"","overlay-type":"","overlay-color":"","overlay-opacity":"","overlay-gradient":""},"tablet":{"background-color":"var(--ast-global-color-5)","background-image":"","background-repeat":"repeat","background-position":"center center","background-size":"auto","background-attachment":"scroll","background-type":"","background-media":"","overlay-type":"","overlay-color":"","overlay-opacity":"","overlay-gradient":""},"mobile":{"background-color":"var(--ast-global-color-5)","background-image":"","background-repeat":"repeat","background-position":"center center","background-size":"auto","background-attachment":"scroll","background-type":"","background-media":"","overlay-type":"","overlay-color":"","overlay-opacity":"","overlay-gradient":""}},"footnotes":""},"class_list":["post-1350","page","type-page","status-publish","hentry"],"uagb_featured_image_src":{"full":false,"thumbnail":false,"medium":false,"medium_large":false,"large":false,"1536x1536":false,"2048x2048":false},"uagb_author_info":{"display_name":"CTIX_Admin24","author_link":"https:\/\/simplifymallorca.com\/de\/magazine\/author\/ctix_admin24\/"},"uagb_comment_info":0,"uagb_excerpt":"Impressum Informationen nach \u00a7 5 TMG Simplify Mallorca Carrer de Sant Joaquim 2 07003 Palma Islas Baleares &#8211; Spanien Vertreten [&hellip;]","brizy_media":[],"_links":{"self":[{"href":"https:\/\/simplifymallorca.com\/de\/wp-json\/wp\/v2\/pages\/1350","targetHints":{"allow":["GET"]}}],"collection":[{"href":"https:\/\/simplifymallorca.com\/de\/wp-json\/wp\/v2\/pages"}],"about":[{"href":"https:\/\/simplifymallorca.com\/de\/wp-json\/wp\/v2\/types\/page"}],"author":[{"embeddable":true,"href":"https:\/\/simplifymallorca.com\/de\/wp-json\/wp\/v2\/users\/1"}],"replies":[{"embeddable":true,"href":"https:\/\/simplifymallorca.com\/de\/wp-json\/wp\/v2\/comments?post=1350"}],"version-history":[{"count":8,"href":"https:\/\/simplifymallorca.com\/de\/wp-json\/wp\/v2\/pages\/1350\/revisions"}],"predecessor-version":[{"id":3742,"href":"https:\/\/simplifymallorca.com\/de\/wp-json\/wp\/v2\/pages\/1350\/revisions\/3742"}],"wp:attachment":[{"href":"https:\/\/simplifymallorca.com\/de\/wp-json\/wp\/v2\/media?parent=1350"}],"curies":[{"name":"wp","href":"https:\/\/api.w.org\/{rel}","templated":true}]}}