{"id":1353,"date":"2024-07-12T22:57:40","date_gmt":"2024-07-12T20:57:40","guid":{"rendered":"https:\/\/simplifymallorca.com\/project-development-in-mallorca"},"modified":"2026-05-07T12:06:33","modified_gmt":"2026-05-07T10:06:33","slug":"projektentwicklung-in-mallorca","status":"publish","type":"page","link":"https:\/\/simplifymallorca.com\/de\/projektentwicklung-in-mallorca\/","title":{"rendered":"Projektentwicklung"},"content":{"rendered":"<div class=\"brz-root__container brz-reset-all brz brz-root__container-page\">\n<section id=\"14feb3739f7dec57869f_lc8L6QURn85C\" class=\"brz-section brz-css-r20h3 brz-css-12mytjm\">\n<div class=\"brz-section__content brz-section--boxed brz-css-141by7a brz-css-1krzxro\" data-brz-custom-id=\"mR3bHeaZhisu\">\n<div class=\"brz-bg\">\n<div class=\"brz-bg-image\"><\/div>\n<\/div>\n<div class=\"brz-container brz-css-wqulqs brz-css-qx4xvd\"><\/div>\n<\/div>\n<\/section>\n<section id=\"17a36ea5c2bc30402518_wx7cI1K4v_5D\" class=\"brz-section brz-css-r20h3 brz-css-6uutmc\">\n<div class=\"brz-section__content brz-section--boxed brz-css-141by7a brz-css-ijx3ub\" data-brz-custom-id=\"kWgpewvF84yf\">\n<div class=\"brz-container brz-css-wqulqs brz-css-101hwf6\">\n<div id=\"\" class=\"brz-css-17bwzfk brz-css-1p218vs brz-wrapper\">\n<div class=\"brz-rich-text brz-rich-text__custom brz-css-td75fw brz-css-1728ut0\" data-brz-custom-id=\"i3QTJDrOuGwX\">\n<div data-brz-translate-text=\"1\">\n<h1 class=\"brz-text-lg-center brz-tp-lg-heading3 brz-css-oFprJ\" data-uniq-id=\"qgn5o\" data-generated-css=\"brz-css-qYAIK\"><span class=\"brz-capitalize-on\">Projektentwicklung auf Mallorca<\/span><\/h1>\n<\/div>\n<\/div>\n<\/div>\n<div id=\"\" class=\"brz-css-17bwzfk brz-css-5rnt7x brz-css-as9frr brz-wrapper\">\n<div class=\"brz-spacer brz-css-rvuwuw brz-css-vt1g8g\"><\/div>\n<\/div>\n<div class=\"brz-row__container brz-css-1arcwqp brz-css-8jfqt1\" data-brz-custom-id=\"clhDe17akDtJ\">\n<div class=\"brz-row brz-css-gqwcki brz-css-1n8e1s3 brz-css-1yactci\">\n<div class=\"brz-columns brz-css-ok6olw brz-css-kizxpt\" data-brz-custom-id=\"n2U7u6x0rJ4o\">\n<div class=\"brz-column__items brz-css-cjm7bk brz-css-18j7iug\">\n<div id=\"\" class=\"brz-css-17bwzfk brz-css-90hq0n brz-wrapper\">\n<div class=\"brz-image brz-css-speqx7 brz-css-xw8b2e\" data-brz-custom-id=\"yh_Na9s1LItA\"><img decoding=\"async\" class=\"brz-img\" src=\"https:\/\/simplifymallorca.com\/de\/?brizy_media=ee5aeab3d72362ece62c0e9ba1261029.jpg&amp;brizy_crop=original\" alt=\"\" title=\"ee5aeab3d72362ece62c0e9ba1261029.jpg\" loading=\"lazy\"><\/div>\n<\/div>\n<\/div>\n<\/div>\n<div class=\"brz-columns brz-css-ok6olw brz-css-bilyk9\" data-brz-custom-id=\"s2RsXJ8kCgEW\">\n<div class=\"brz-column__items brz-css-cjm7bk brz-css-1wzvw9v\">\n<div id=\"\" class=\"brz-css-17bwzfk brz-css-gk36s4 brz-wrapper\">\n<div class=\"brz-rich-text brz-rich-text__custom brz-css-td75fw brz-css-1uaz1m\" data-brz-custom-id=\"p4zVqoMrGfd_\">\n<div data-brz-translate-text=\"1\">\n<h2 class=\"brz-tp-lg-heading4 brz-css-qVuZs\" data-generated-css=\"brz-css-dDBfG\" data-uniq-id=\"mdZfp\"><span class=\"brz-capitalize-on brz-cp-color2\">Projektentwicklung auf Mallorca &#8211;  Ma\u00dfgeschneiderte Dienstleistungen f\u00fcr private Immobilieneigent\u00fcmer und Investoren<\/span><\/h2>\n<\/div>\n<\/div>\n<\/div>\n<div id=\"\" class=\"brz-css-17bwzfk brz-css-1nh36uy brz-wrapper\">\n<div class=\"brz-rich-text brz-rich-text__custom brz-css-td75fw brz-css-1isj9hh\" data-brz-custom-id=\"zKelLwcq9aaf\">\n<div data-brz-translate-text=\"1\">\n<p class=\"brz-tp-lg-subtitle brz-css-zG3Hh\" data-generated-css=\"brz-css-aaI0X\" data-uniq-id=\"bzCnE\"><span class=\"brz-cp-color3\">Mit unserer Erfahrung in der Projektentwicklung helfen wir privaten Immobilienbesitzern auf Mallorca dabei, das Potenzial ihrer Investitionen zu maximieren. Ganz gleich, ob es sich um die Renovierung einer bestehenden Immobilie, den Bau eines neuen Hauses oder die Landschaftsgestaltung handelt, unser Team setzt sich daf\u00fcr ein, Ihre Visionen zu verwirklichen.<\/span><\/p>\n<\/div>\n<\/div>\n<\/div>\n<\/div>\n<\/div>\n<\/div>\n<\/div>\n<div id=\"\" class=\"brz-css-17bwzfk brz-css-5rnt7x brz-css-1vlifu3 brz-wrapper\">\n<div class=\"brz-spacer brz-css-rvuwuw brz-css-ft8h2p\"><\/div>\n<\/div>\n<div class=\"brz-row__container brz-css-1arcwqp brz-css-jr67ui\" data-brz-custom-id=\"l0eGQP0U00px\">\n<div class=\"brz-row brz-css-gqwcki brz-css-1n8e1s3 brz-css-1ozcckt\">\n<div class=\"brz-columns brz-css-ok6olw brz-css-1109t86\" data-brz-custom-id=\"nGJxSDtuZKE6\">\n<div class=\"brz-column__items brz-css-cjm7bk brz-css-8chseh\">\n<div id=\"\" class=\"brz-css-17bwzfk brz-css-1ocar7a brz-wrapper\">\n<div class=\"brz-rich-text brz-rich-text__custom brz-css-td75fw brz-css-14u519y\" data-brz-custom-id=\"yrRvJOxjioLj\">\n<div data-brz-translate-text=\"1\">\n<p class=\"brz-tp-lg-subtitle brz-css-muTgR\" data-uniq-id=\"c_wk_\" data-generated-css=\"brz-css-kbY10\"><span class=\"brz-cp-color3\">Wir kennen die besonderen Belange von Immobilieneigent\u00fcmern auf Mallorca, vom Umgang mit den \u00f6rtlichen Vorschriften bis hin zur Koordinierung mit Bauunternehmen und Lieferanten. Deshalb bieten wir umfassende Projektmanagement-L\u00f6sungen an und \u00fcberwachen jeden Aspekt des Entwicklungsprozesses, um au\u00dfergew\u00f6hnliche Ergebnisse innerhalb der Zeit und des Budgets zu liefern.<\/span><\/p>\n<\/div>\n<\/div>\n<\/div>\n<\/div>\n<\/div>\n<div class=\"brz-columns brz-css-ok6olw brz-css-17du2c0\" data-brz-custom-id=\"ilpYgl1P52Ei\">\n<div class=\"brz-column__items brz-css-cjm7bk brz-css-1o4x5ct\">\n<div id=\"\" class=\"brz-css-17bwzfk brz-css-1spbmpq brz-wrapper\">\n<div class=\"brz-image brz-css-1r0dntr brz-css-7o5pks\" data-brz-custom-id=\"g2A8w5UEaBvV\"><img decoding=\"async\" class=\"brz-img\" src=\"https:\/\/simplifymallorca.com\/de\/?brizy_media=380c6941e2f701dd0eabfeeda2b5ff46.jpg&amp;brizy_crop=original\" alt=\"\" title=\"380c6941e2f701dd0eabfeeda2b5ff46.jpg\" loading=\"lazy\"><\/div>\n<\/div>\n<\/div>\n<\/div>\n<\/div>\n<\/div>\n<\/div>\n<\/div>\n<\/section>\n<section id=\"06a74cd9350194a6f1a1_dggRlvS_tryT\" class=\"brz-section brz-css-r20h3 brz-css-1bmf8d4\">\n<div class=\"brz-section__content brz-section--boxed brz-css-141by7a brz-css-1yyfhr2\" data-brz-custom-id=\"lpiqQu0goz1B\">\n<div class=\"brz-bg\">\n<div class=\"brz-bg-image\"><\/div>\n<div class=\"brz-bg-color\"><\/div>\n<\/div>\n<div class=\"brz-container brz-css-wqulqs brz-css-xoncfu\">\n<div id=\"\" class=\"brz-css-17bwzfk brz-css-ybyzg5 brz-wrapper\">\n<div class=\"brz-rich-text brz-rich-text__custom brz-css-td75fw brz-css-1ovyr0k\" data-brz-custom-id=\"aG5BWYqHxEKG\">\n<div data-brz-translate-text=\"1\">\n<h2 class=\"brz-tp-lg-vk9VmqqFEZvJ brz-ff-kaushan_script brz-ft-google brz-fs-lg-48 brz-fss-lg-px brz-fw-lg-400 brz-ls-lg-m_1 brz-lh-lg-1_4 brz-vfw-lg-400 brz-fwdth-lg-100 brz-fsft-lg-0 brz-text-lg-right brz-css-fAbM0\" data-generated-css=\"brz-css-k6qxi\" data-uniq-id=\"utrAO\"><span class=\"brz-cp-color4 brz-capitalize-on\">Einzigartiges Wohnen, inspiriert von Mallorcas Sch\u00f6nheit<\/span><\/h2>\n<\/div>\n<\/div>\n<\/div>\n<\/div>\n<\/div>\n<\/section>\n<section id=\"6a9b0fba656b5d9e1406_mFt6OnFBV714\" class=\"brz-section brz-css-r20h3 brz-css-zxjt2m\">\n<div class=\"brz-section__content brz-section--boxed brz-css-141by7a brz-css-ylwqit\" data-brz-custom-id=\"mOngXPj7aSbv\">\n<div class=\"brz-container brz-css-wqulqs brz-css-vvglvz\">\n<div class=\"brz-row__container brz-css-1arcwqp brz-css-i3qwcj\" data-brz-custom-id=\"tE1BzYifNAVl\">\n<div class=\"brz-row brz-css-gqwcki brz-css-1n8e1s3 brz-css-1kc3vjc\">\n<div class=\"brz-columns brz-css-ok6olw brz-css-megz7o\" data-brz-custom-id=\"sglBtmjoxj2x\">\n<div class=\"brz-column__items brz-css-cjm7bk brz-css-15rapfx\">\n<div id=\"\" class=\"brz-css-17bwzfk brz-css-4n8lon brz-wrapper\">\n<div class=\"brz-image brz-css-1q3lv8o brz-css-427j8q\" data-brz-custom-id=\"c4_fQhHw4Pio\"><img decoding=\"async\" class=\"brz-img\" src=\"https:\/\/simplifymallorca.com\/de\/?brizy_media=4213fd0f7d0704a0a1b2dcd16a0d7c83.jpg&amp;brizy_crop=original\" alt=\"\" title=\"4213fd0f7d0704a0a1b2dcd16a0d7c83.jpg\" loading=\"lazy\"><\/div>\n<\/div>\n<\/div>\n<\/div>\n<div class=\"brz-columns brz-css-ok6olw brz-css-vkz60d\" data-brz-custom-id=\"eADMs2NIW1vA\">\n<div class=\"brz-column__items brz-css-cjm7bk brz-css-7a6qq1\">\n<div id=\"\" class=\"brz-css-17bwzfk brz-css-1qiac7i brz-wrapper\">\n<div class=\"brz-rich-text brz-rich-text__custom brz-css-td75fw brz-css-vlji6g\" data-brz-custom-id=\"fCRNunoJRS_9\">\n<div data-brz-translate-text=\"1\">\n<p class=\"brz-tp-lg-subtitle brz-css-wW3hg\" data-uniq-id=\"uUG5k\" data-generated-css=\"brz-css-qrB3a\"><span class=\"brz-cp-color3\">Unser Team von Projektentwicklungsexperten auf Mallorca stellt die Bed\u00fcrfnisse privater Immobilieneigent\u00fcmer in den Vordergrund und konzentriert sich auf langfristige Nachhaltigkeit und Wertsteigerung. Unser Team aus erfahrenen Fachleuten stellt sicher, dass jedes Projekt mit Pr\u00e4zision und Liebe zum Detail ausgef\u00fchrt wird und Ihre Erwartungen in jeder Hinsicht \u00fcbertrifft.<\/span><\/p>\n<\/div>\n<\/div>\n<\/div>\n<\/div>\n<\/div>\n<\/div>\n<\/div>\n<div id=\"\" class=\"brz-css-17bwzfk brz-css-5rnt7x brz-css-1x4t3ly brz-wrapper\">\n<div class=\"brz-spacer brz-css-rvuwuw brz-css-1j2ueb8\"><\/div>\n<\/div>\n<div class=\"brz-row__container brz-css-1arcwqp brz-css-1cmw6h2\" data-brz-custom-id=\"iGAoTqI3914Q\">\n<div class=\"brz-row brz-css-gqwcki brz-css-1n8e1s3 brz-css-eiyeb7\">\n<div class=\"brz-columns brz-css-ok6olw brz-css-1157ber\" data-brz-custom-id=\"wQ6e5UcKX2Iw\">\n<div class=\"brz-column__items brz-css-cjm7bk brz-css-12wbzqw\">\n<div id=\"\" class=\"brz-css-17bwzfk brz-css-1x85zl9 brz-wrapper\">\n<div class=\"brz-rich-text brz-rich-text__custom brz-css-td75fw brz-css-1zurg0\" data-brz-custom-id=\"sgDUIMp4uiaD\">\n<div data-brz-translate-text=\"1\">\n<p class=\"brz-tp-lg-subtitle brz-css-jdyvI\" data-generated-css=\"brz-css-hOEPT\" data-uniq-id=\"pS4J9\"><span class=\"brz-cp-color3\">Vertrauen Sie, dass die Entwicklung Ihrer Immobilie bei uns in den besten H\u00e4nden ist. Sprechen Sie uns noch heute an, um mehr \u00fcber unsere Projektentwicklungsdienste zu erfahren und wie wir Ihnen helfen k\u00f6nnen, das volle Potenzial Ihrer Immobilie auf Mallorca zu erschlie\u00dfen.<\/span><\/p>\n<\/div>\n<\/div>\n<\/div>\n<\/div>\n<\/div>\n<div class=\"brz-columns brz-css-ok6olw brz-css-nvz6bo\" data-brz-custom-id=\"vkHqVKpVTczD\">\n<div class=\"brz-column__items brz-css-cjm7bk brz-css-txzi8j\">\n<div id=\"\" class=\"brz-css-17bwzfk brz-css-o6rjcf brz-wrapper\">\n<div class=\"brz-image brz-css-1gxq42w brz-css-1uqcog9\" data-brz-custom-id=\"dcwI5VGyU0jo\"><img decoding=\"async\" class=\"brz-img\" src=\"https:\/\/simplifymallorca.com\/de\/?brizy_media=992451eaa6af4904c2bea4421b417f80.jpg&amp;brizy_crop=original\" alt=\"\" title=\"992451eaa6af4904c2bea4421b417f80.jpg\" loading=\"lazy\"><\/div>\n<\/div>\n<\/div>\n<\/div>\n<\/div>\n<\/div>\n<\/div>\n<\/div>\n<\/section>\n<section id=\"270767d3494aebb458bd_fE5MM6niZ1JP\" class=\"brz-section brz-css-r20h3 brz-css-1momasg\">\n<div class=\"brz-section__content brz-section--boxed brz-css-141by7a brz-css-9mk1q5\" data-brz-custom-id=\"zORmOMC1La5I\">\n<div class=\"brz-bg\">\n<div class=\"brz-bg-image\"><\/div>\n<div class=\"brz-bg-color\"><\/div>\n<\/div>\n<div class=\"brz-container brz-css-wqulqs brz-css-4pqj9s\">\n<div id=\"\" class=\"brz-css-17bwzfk brz-css-i5ic0a brz-wrapper\">\n<div class=\"brz-rich-text brz-rich-text__custom brz-css-td75fw brz-css-1f5qx61\" data-brz-custom-id=\"wzLk1tPV4o0k\">\n<div data-brz-translate-text=\"1\">\n<h2 class=\"brz-tp-lg-vk9VmqqFEZvJ brz-fs-lg-30 brz-ft-google brz-ff-kaushan_script brz-fsft-lg-0 brz-fwdth-lg-100 brz-vfw-lg-400 brz-lh-lg-1_9 brz-ls-lg-0 brz-fw-lg-400 brz-fss-lg-px brz-text-lg-right brz-css-heqAA\" data-generated-css=\"brz-css-zjRUH\" data-uniq-id=\"qBC71\"><span class=\"brz-cp-color4 brz-capitalize-on\">Ma\u00dfgeschneiderte Projektentwicklung in Mallorca<\/span><\/h2>\n<\/div>\n<\/div>\n<\/div>\n<\/div>\n<\/div>\n<\/section>\n<section id=\"eb2e29097826e793d323_qMoMIRV1xOkT\" class=\"brz-section brz-css-r20h3 brz-css-1w30knr\">\n<div class=\"brz-section__content brz-section--boxed brz-css-141by7a brz-css-1m6d3od\" data-brz-custom-id=\"ip223_VLnGts\">\n<div class=\"brz-container brz-css-wqulqs brz-css-1fg6bzl\">\n<div id=\"\" class=\"brz-css-17bwzfk brz-css-36mj6g brz-wrapper\">\n<div class=\"brz-rich-text brz-rich-text__custom brz-css-td75fw brz-css-1vph4aw\" data-brz-custom-id=\"latakND9ygl5\">\n<div data-brz-translate-text=\"1\">\n<h2 class=\"brz-tp-lg-heading3 brz-text-lg-center brz-css-dDSPV\" data-generated-css=\"brz-css-f9dH0\" data-uniq-id=\"kYpIX\"><span class=\"brz-cp-color3 brz-capitalize-on\">Projektentwicklung Mallorca &#8211; H\u00e4ufig gestellte Fragen<\/span><\/h2>\n<\/div>\n<\/div>\n<\/div>\n<div id=\"\" class=\"brz-css-17bwzfk brz-css-5rnt7x brz-css-bgr8fo brz-wrapper\">\n<div class=\"brz-spacer brz-css-rvuwuw brz-css-f8dbsk\"><\/div>\n<\/div>\n<div id=\"\" class=\"brz-css-17bwzfk brz-css-xvk4lo brz-wrapper\">\n<div class=\"brz-accordion brz-css-p8dj04 brz-css-1hb6bpd\" data-brz-duration=\"300\" data-brz-custom-id=\"m5zl7SmL3ssj\">\n<div class=\"brz-accordion__item\">\n<div class=\"brz-accordion__nav\" data-brz-collapsible=\"off\">\n<h3 data-brz-translate-text=\"1\" class=\"brz-accordion__nav-title brz-h3 brz-text__editor\">Welche Dienstleistungen deckt Ihre Projektentwicklung ab?<\/h3>\n<\/div>\n<div class=\"brz-accordion__content brz-d-xs-flex brz-flex-xs-column\">\n<div class=\"brz-accordion__item-content brz-d-xs-flex brz-flex-xs-column\">\n<div id=\"\" class=\"brz-css-17bwzfk brz-css-1c0huaq brz-wrapper\">\n<div class=\"brz-rich-text brz-rich-text__custom brz-css-td75fw brz-css-1nbbokj\" data-brz-custom-id=\"k8fNvkvcPMV6\">\n<div data-brz-translate-text=\"1\">\n<p class=\"brz-tp-lg-paragraph brz-css-ngY8d\" data-generated-css=\"brz-css-rmNEs\" data-uniq-id=\"iZWex\"><span class=\"brz-cp-color7\">Unsere Projektentwicklungsdienste umfassen den Bau neuer H\u00e4user, den Umbau bestehender Fincas sowie die Erhaltung und Modernisierung verfallener alter mallorquinischer Stadth\u00e4user. Wir haben uns auf die Sanierung alter Geb\u00e4ude spezialisiert, wobei die Erhaltung charmanter Details und des Charakters im Vordergrund steht.<\/span><\/p>\n<\/div>\n<\/div>\n<\/div>\n<\/div>\n<\/div>\n<\/div>\n<div class=\"brz-accordion__item\">\n<div class=\"brz-accordion__nav\" data-brz-collapsible=\"off\">\n<h3 data-brz-translate-text=\"1\" class=\"brz-accordion__nav-title brz-h3 brz-text__editor\">Wie stellen Sie ein effektives Projektmanagement und eine effektive Qualit\u00e4tskontrolle sicher?<\/h3>\n<\/div>\n<div class=\"brz-accordion__content brz-d-xs-flex brz-flex-xs-column\">\n<div class=\"brz-accordion__item-content brz-d-xs-flex brz-flex-xs-column\">\n<div id=\"\" class=\"brz-css-17bwzfk brz-css-i40l0k brz-wrapper\">\n<div class=\"brz-rich-text brz-rich-text__custom brz-css-td75fw brz-css-hxd5f9\" data-brz-custom-id=\"fMpBAAd4G_D5\">\n<div data-brz-translate-text=\"1\">\n<p class=\"brz-tp-lg-paragraph brz-css-eAHqe\" data-generated-css=\"brz-css-vE4kY\" data-uniq-id=\"abQSU\"><span class=\"brz-cp-color7\">Wir arbeiten mit professionellen Tools sowie nach einheitlichen Kriterien um ein effektives Projektmanagement inklusive Qualit\u00e4ts- und Kostenkontrolle zu gew\u00e4hrleisten. Dazu geh\u00f6ren die Erstellung genauer Kostenvoranschl\u00e4ge, die Einholung vergleichbarer Angebote, die nahtlose Integration von Architekten, Innenarchitekten und Handwerkern sowie die Verwendung von Produkten aus dem Ausland, wenn dies erforderlich ist. Dar\u00fcber hinaus pr\u00fcfen wir Rechnungen sorgf\u00e4ltig, um Transparenz und Genauigkeit w\u00e4hrend des gesamten Projekts zu gew\u00e4hrleisten.<\/span><\/p>\n<\/div>\n<\/div>\n<\/div>\n<\/div>\n<\/div>\n<\/div>\n<div class=\"brz-accordion__item\">\n<div class=\"brz-accordion__nav\" data-brz-collapsible=\"off\">\n<h3 data-brz-translate-text=\"1\" class=\"brz-accordion__nav-title brz-h3 brz-text__editor\">Bieten Sie Dienstleistungen zur Legalisierung ehemals illegaler Bauten an?<\/h3>\n<\/div>\n<div class=\"brz-accordion__content brz-d-xs-flex brz-flex-xs-column\">\n<div class=\"brz-accordion__item-content brz-d-xs-flex brz-flex-xs-column\">\n<div id=\"\" class=\"brz-css-17bwzfk brz-css-nn3170 brz-wrapper\">\n<div class=\"brz-rich-text brz-rich-text__custom brz-css-td75fw brz-css-4yk13q\" data-brz-custom-id=\"m9n2tqEKMI1R\">\n<div data-brz-translate-text=\"1\">\n<p class=\"brz-tp-lg-paragraph brz-css-mTHy2\" data-generated-css=\"brz-css-gWTyh\" data-uniq-id=\"hPBeJ\"><span class=\"brz-cp-color7\">Ja, wir bieten Dienstleistungen f\u00fcr die Legalisierung ehemals illegaler Bausubstanz an. Unser Team von professionellen Architekten arbeitet eng mit den Kunden zusammen, um den Legalisierungsprozess effizient zu gestalten und die Einhaltung aller relevanten Vorschriften zu gew\u00e4hrleisten.<\/span><\/p>\n<\/div>\n<\/div>\n<\/div>\n<\/div>\n<\/div>\n<\/div>\n<div class=\"brz-accordion__item\">\n<div class=\"brz-accordion__nav\" data-brz-collapsible=\"off\">\n<h3 data-brz-translate-text=\"1\" class=\"brz-accordion__nav-title brz-h3 brz-text__editor\">Wie stellen Sie sicher, dass die Projektentwicklung innerhalb des Budgets und des Zeitplans bleibt?<\/h3>\n<\/div>\n<div class=\"brz-accordion__content brz-d-xs-flex brz-flex-xs-column\">\n<div class=\"brz-accordion__item-content brz-d-xs-flex brz-flex-xs-column\">\n<div id=\"\" class=\"brz-css-17bwzfk brz-css-v5b4j4 brz-wrapper\">\n<div class=\"brz-rich-text brz-rich-text__custom brz-css-td75fw brz-css-d9dlte\" data-brz-custom-id=\"grYZMyowso8y\">\n<div data-brz-translate-text=\"1\">\n<p class=\"brz-tp-lg-paragraph brz-css-owQgM\" data-uniq-id=\"qe2Wy\" data-generated-css=\"brz-css-yKK3m\"><span class=\"brz-cp-color7\">Bei der Projektentwicklung wenden wir strenge Projektmanagementpraktiken an, einschlie\u00dflich einer detaillierten Budgetierung und Zeitplanung, um sicherzustellen, dass das Projekt auf Kurs bleibt. Regelm\u00e4\u00dfige Fortschrittsberichte und finanzielle Aktualisierungen halten Sie auf dem Laufenden, und alle potenziellen Probleme werden umgehend angegangen, um Verz\u00f6gerungen und Kosten\u00fcberschreitungen zu minimieren. Unsere Verpflichtung zu transparenter Kommunikation und proaktiver Probleml\u00f6sung tr\u00e4gt dazu bei, dass Ihre Projektentwicklung erfolgreich, p\u00fcnktlich und innerhalb des Budgets abgeschlossen wird.<\/span><\/p>\n<\/div>\n<\/div>\n<\/div>\n<\/div>\n<\/div>\n<\/div>\n<div class=\"brz-accordion__item\">\n<div class=\"brz-accordion__nav\" data-brz-collapsible=\"off\">\n<h3 data-brz-translate-text=\"1\" class=\"brz-accordion__nav-title brz-h3 brz-text__editor\">Wie arbeiten Sie w\u00e4hrend des gesamten Projektentwicklungsprozesses mit den Kunden zusammen?<\/h3>\n<\/div>\n<div class=\"brz-accordion__content brz-d-xs-flex brz-flex-xs-column\">\n<div class=\"brz-accordion__item-content brz-d-xs-flex brz-flex-xs-column\">\n<div id=\"\" class=\"brz-css-17bwzfk brz-css-1iptkme brz-wrapper\">\n<div class=\"brz-rich-text brz-rich-text__custom brz-css-td75fw brz-css-1dhoff9\" data-brz-custom-id=\"mO_5zj_VhZDU\">\n<div data-brz-translate-text=\"1\">\n<p class=\"brz-tp-lg-paragraph brz-css-lQ8tA\" data-uniq-id=\"amAID\" data-generated-css=\"brz-css-mw2T6\"><span class=\"brz-cp-color7\">Wir legen gro\u00dfen Wert auf eine transparente Kommunikation und Zusammenarbeit mit unseren Kunden in jeder Phase des Projekts. Von der ersten Beratung bis zur Endabnahme beziehen wir unsere Kunden aktiv in den Entscheidungsprozess ein und halten sie \u00fcber den Projektfortschritt, den Zeitplan und das Budget auf dem Laufenden.<\/span><\/p>\n<\/div>\n<\/div>\n<\/div>\n<\/div>\n<\/div>\n<\/div>\n<div class=\"brz-accordion__item\">\n<div class=\"brz-accordion__nav\" data-brz-collapsible=\"off\">\n<h3 data-brz-translate-text=\"1\" class=\"brz-accordion__nav-title brz-h3 brz-text__editor\">Was unterscheidet Ihre Dienstleistungen im Bereich Projektentwicklungsmanagement von anderen?<\/h3>\n<\/div>\n<div class=\"brz-accordion__content brz-d-xs-flex brz-flex-xs-column\">\n<div class=\"brz-accordion__item-content brz-d-xs-flex brz-flex-xs-column\">\n<div id=\"\" class=\"brz-css-17bwzfk brz-css-1rzdx5d brz-wrapper\">\n<div class=\"brz-rich-text brz-rich-text__custom brz-css-td75fw brz-css-zu6vu9\" data-brz-custom-id=\"y5bGiqnnxM3T\">\n<div data-brz-translate-text=\"1\">\n<p class=\"brz-tp-lg-paragraph brz-css-iWfe9\" data-generated-css=\"brz-css-p4R9w\" data-uniq-id=\"nVeEi\"><span class=\"brz-cp-color7\">Unser Engagement f\u00fcr die Erhaltung des Charakters alter Geb\u00e4ude, unsere Liebe zum Detail und unsere Hingabe an handwerkliche Qualit\u00e4t zeichnen uns aus. Wir sind bestrebt, die Erwartungen unserer Kunden zu \u00fcbertreffen, indem wir au\u00dfergew\u00f6hnliche Ergebnisse liefern, die die Sch\u00f6nheit und den Wert Ihrer Immobilien nachhaltig steigern.<\/span><\/p>\n<\/div>\n<\/div>\n<\/div>\n<\/div>\n<\/div>\n<\/div>\n<\/div>\n<\/div>\n<\/div>\n<\/div>\n<\/section>\n<\/div>\n<p>    <!-- version:1754041256 --><\/p>\n","protected":false},"excerpt":{"rendered":"<p>Projektentwicklung auf Mallorca Projektentwicklung auf Mallorca &#8211; Ma\u00dfgeschneiderte Dienstleistungen f\u00fcr private Immobilieneigent\u00fcmer und Investoren Mit unserer Erfahrung in der Projektentwicklung [&hellip;]<\/p>\n","protected":false},"author":1,"featured_media":0,"parent":0,"menu_order":0,"comment_status":"closed","ping_status":"closed","template":"","meta":{"_uag_custom_page_level_css":"","site-sidebar-layout":"default","site-content-layout":"","ast-site-content-layout":"","site-content-style":"default","site-sidebar-style":"default","ast-global-header-display":"","ast-banner-title-visibility":"","ast-main-header-display":"","ast-hfb-above-header-display":"","ast-hfb-below-header-display":"","ast-hfb-mobile-header-display":"","site-post-title":"disabled","ast-breadcrumbs-content":"","ast-featured-img":"","footer-sml-layout":"","ast-disable-related-posts":"","theme-transparent-header-meta":"","adv-header-id-meta":"","stick-header-meta":"","header-above-stick-meta":"","header-main-stick-meta":"","header-below-stick-meta":"","astra-migrate-meta-layouts":"default","ast-page-background-enabled":"default","ast-page-background-meta":{"desktop":{"background-color":"var(--ast-global-color-4)","background-image":"","background-repeat":"repeat","background-position":"center center","background-size":"auto","background-attachment":"scroll","background-type":"","background-media":"","overlay-type":"","overlay-color":"","overlay-opacity":"","overlay-gradient":""},"tablet":{"background-color":"","background-image":"","background-repeat":"repeat","background-position":"center center","background-size":"auto","background-attachment":"scroll","background-type":"","background-media":"","overlay-type":"","overlay-color":"","overlay-opacity":"","overlay-gradient":""},"mobile":{"background-color":"","background-image":"","background-repeat":"repeat","background-position":"center center","background-size":"auto","background-attachment":"scroll","background-type":"","background-media":"","overlay-type":"","overlay-color":"","overlay-opacity":"","overlay-gradient":""}},"ast-content-background-meta":{"desktop":{"background-color":"var(--ast-global-color-5)","background-image":"","background-repeat":"repeat","background-position":"center center","background-size":"auto","background-attachment":"scroll","background-type":"","background-media":"","overlay-type":"","overlay-color":"","overlay-opacity":"","overlay-gradient":""},"tablet":{"background-color":"var(--ast-global-color-5)","background-image":"","background-repeat":"repeat","background-position":"center center","background-size":"auto","background-attachment":"scroll","background-type":"","background-media":"","overlay-type":"","overlay-color":"","overlay-opacity":"","overlay-gradient":""},"mobile":{"background-color":"var(--ast-global-color-5)","background-image":"","background-repeat":"repeat","background-position":"center center","background-size":"auto","background-attachment":"scroll","background-type":"","background-media":"","overlay-type":"","overlay-color":"","overlay-opacity":"","overlay-gradient":""}},"footnotes":""},"class_list":["post-1353","page","type-page","status-publish","hentry"],"uagb_featured_image_src":{"full":false,"thumbnail":false,"medium":false,"medium_large":false,"large":false,"1536x1536":false,"2048x2048":false},"uagb_author_info":{"display_name":"CTIX_Admin24","author_link":"https:\/\/simplifymallorca.com\/de\/magazine\/author\/ctix_admin24\/"},"uagb_comment_info":0,"uagb_excerpt":"Projektentwicklung auf Mallorca Projektentwicklung auf Mallorca &#8211; Ma\u00dfgeschneiderte Dienstleistungen f\u00fcr private Immobilieneigent\u00fcmer und Investoren Mit unserer Erfahrung in der Projektentwicklung [&hellip;]","brizy_media":[],"_links":{"self":[{"href":"https:\/\/simplifymallorca.com\/de\/wp-json\/wp\/v2\/pages\/1353","targetHints":{"allow":["GET"]}}],"collection":[{"href":"https:\/\/simplifymallorca.com\/de\/wp-json\/wp\/v2\/pages"}],"about":[{"href":"https:\/\/simplifymallorca.com\/de\/wp-json\/wp\/v2\/types\/page"}],"author":[{"embeddable":true,"href":"https:\/\/simplifymallorca.com\/de\/wp-json\/wp\/v2\/users\/1"}],"replies":[{"embeddable":true,"href":"https:\/\/simplifymallorca.com\/de\/wp-json\/wp\/v2\/comments?post=1353"}],"version-history":[{"count":18,"href":"https:\/\/simplifymallorca.com\/de\/wp-json\/wp\/v2\/pages\/1353\/revisions"}],"predecessor-version":[{"id":3722,"href":"https:\/\/simplifymallorca.com\/de\/wp-json\/wp\/v2\/pages\/1353\/revisions\/3722"}],"wp:attachment":[{"href":"https:\/\/simplifymallorca.com\/de\/wp-json\/wp\/v2\/media?parent=1353"}],"curies":[{"name":"wp","href":"https:\/\/api.w.org\/{rel}","templated":true}]}}