{"id":1490,"date":"2024-07-12T22:57:40","date_gmt":"2024-07-12T20:57:40","guid":{"rendered":"https:\/\/simplifymallorca.com\/project-development-in-mallorca"},"modified":"2026-05-09T16:48:59","modified_gmt":"2026-05-09T14:48:59","slug":"desarrollo-de-proyectos-de-construccion","status":"publish","type":"page","link":"https:\/\/simplifymallorca.com\/es\/desarrollo-de-proyectos-de-construccion\/","title":{"rendered":"Desarrollo de proyectos"},"content":{"rendered":"<div class=\"brz-root__container brz-reset-all brz brz-root__container-page\">\n<section id=\"dabfe49be53b0bcca445_lc8L6QURn85C\" class=\"brz-section brz-css-r20h3 brz-css-12mytjm\">\n<div class=\"brz-section__content brz-section--boxed brz-css-141by7a brz-css-1e32skf\" data-brz-custom-id=\"mR3bHeaZhisu\">\n<div class=\"brz-bg\">\n<div class=\"brz-bg-image\"><\/div>\n<\/div>\n<div class=\"brz-container brz-css-wqulqs brz-css-qx4xvd\"><\/div>\n<\/div>\n<\/section>\n<section id=\"7bf983b5edc50df615cb_wx7cI1K4v_5D\" class=\"brz-section brz-css-r20h3 brz-css-6uutmc\">\n<div class=\"brz-section__content brz-section--boxed brz-css-141by7a brz-css-ijx3ub\" data-brz-custom-id=\"kWgpewvF84yf\">\n<div class=\"brz-container brz-css-wqulqs brz-css-101hwf6\">\n<div id=\"\" class=\"brz-css-17bwzfk brz-css-1p218vs brz-wrapper\">\n<div class=\"brz-rich-text brz-rich-text__custom brz-css-td75fw brz-css-1728ut0\" data-brz-custom-id=\"i3QTJDrOuGwX\">\n<div data-brz-translate-text=\"1\">\n<h1 class=\"brz-tp-lg-heading3 brz-text-lg-center brz-css-derJj\" data-generated-css=\"brz-css-rOpwe\" data-uniq-id=\"xdjqL\"><span class=\"brz-capitalize-on\">Desarrollo de proyectos de construcci\u00f3n en Mallorca<\/span><\/h1>\n<\/div>\n<\/div>\n<\/div>\n<div id=\"\" class=\"brz-css-17bwzfk brz-css-5rnt7x brz-css-as9frr brz-wrapper\">\n<div class=\"brz-spacer brz-css-rvuwuw brz-css-vt1g8g\"><\/div>\n<\/div>\n<div class=\"brz-row__container brz-css-1arcwqp brz-css-8jfqt1\" data-brz-custom-id=\"clhDe17akDtJ\">\n<div class=\"brz-row brz-css-gqwcki brz-css-1n8e1s3 brz-css-1yactci\">\n<div class=\"brz-columns brz-css-ok6olw brz-css-kizxpt\" data-brz-custom-id=\"n2U7u6x0rJ4o\">\n<div class=\"brz-column__items brz-css-cjm7bk brz-css-18j7iug\">\n<div id=\"\" class=\"brz-css-17bwzfk brz-css-90hq0n brz-wrapper\">\n<div class=\"brz-image brz-css-speqx7 brz-css-xw8b2e\" data-brz-custom-id=\"yh_Na9s1LItA\"><img decoding=\"async\" class=\"brz-img\" src=\"https:\/\/simplifymallorca.com\/es\/?brizy_media=ee5aeab3d72362ece62c0e9ba1261029.jpg&amp;brizy_crop=original\" alt=\"\" title=\"ee5aeab3d72362ece62c0e9ba1261029.jpg\" loading=\"lazy\"><\/div>\n<\/div>\n<\/div>\n<\/div>\n<div class=\"brz-columns brz-css-ok6olw brz-css-bilyk9\" data-brz-custom-id=\"s2RsXJ8kCgEW\">\n<div class=\"brz-column__items brz-css-cjm7bk brz-css-1wzvw9v\">\n<div id=\"\" class=\"brz-css-17bwzfk brz-css-gk36s4 brz-wrapper\">\n<div class=\"brz-rich-text brz-rich-text__custom brz-css-td75fw brz-css-1uaz1m\" data-brz-custom-id=\"p4zVqoMrGfd_\">\n<div data-brz-translate-text=\"1\">\n<h2 class=\"brz-tp-lg-heading4 brz-css-m6VlR\" data-uniq-id=\"xgtV5\" data-generated-css=\"brz-css-j_6Ch\"><span class=\"brz-cp-color2 brz-capitalize-on\">Servicios de desarrollo de proyectos de contrucci\u00f3n personalizados para propietarios privados en Mallorca<\/span><\/h2>\n<\/div>\n<\/div>\n<\/div>\n<div id=\"\" class=\"brz-css-17bwzfk brz-css-1nh36uy brz-wrapper\">\n<div class=\"brz-rich-text brz-rich-text__custom brz-css-td75fw brz-css-1isj9hh\" data-brz-custom-id=\"zKelLwcq9aaf\">\n<div data-brz-translate-text=\"1\">\n<p class=\"brz-tp-lg-subtitle brz-css-dbxlO\" data-generated-css=\"brz-css-clml4\" data-uniq-id=\"ijypo\"><span class=\"brz-cp-color3\">Con nuestra experiencia en el desarrollo de proyectos, ayudamos a los propietarios privados de Mallorca a maximizar el potencial de sus inversiones. Ya se trate de reformar una propiedad existente, construir una casa nueva o mejorar el paisaje, nuestro equipo se compromete a hacer realidad su visi\u00f3n.<\/span><\/p>\n<\/div>\n<\/div>\n<\/div>\n<\/div>\n<\/div>\n<\/div>\n<\/div>\n<div id=\"\" class=\"brz-css-17bwzfk brz-css-5rnt7x brz-css-1vlifu3 brz-wrapper\">\n<div class=\"brz-spacer brz-css-rvuwuw brz-css-ft8h2p\"><\/div>\n<\/div>\n<div class=\"brz-row__container brz-css-1arcwqp brz-css-jr67ui\" data-brz-custom-id=\"l0eGQP0U00px\">\n<div class=\"brz-row brz-css-gqwcki brz-css-1n8e1s3 brz-css-1ozcckt\">\n<div class=\"brz-columns brz-css-ok6olw brz-css-1109t86\" data-brz-custom-id=\"nGJxSDtuZKE6\">\n<div class=\"brz-column__items brz-css-cjm7bk brz-css-8chseh\">\n<div id=\"\" class=\"brz-css-17bwzfk brz-css-1ocar7a brz-wrapper\">\n<div class=\"brz-rich-text brz-rich-text__custom brz-css-td75fw brz-css-14u519y\" data-brz-custom-id=\"yrRvJOxjioLj\">\n<div data-brz-translate-text=\"1\">\n<p class=\"brz-tp-lg-subtitle brz-css-lcUrt\" data-uniq-id=\"kN0st\" data-generated-css=\"brz-css-x9jRC\"><span class=\"brz-cp-color3\">Entendemos las preocupaciones espec\u00edficas de los propietarios de inmuebles en Mallorca, desde el cumplimiento de la normativa local hasta la coordinaci\u00f3n con contratistas y proveedores. Por eso ofrecemos soluciones integrales de gesti\u00f3n de proyectos, supervisando todos los aspectos del proceso de desarrollo para ofrecer resultados excepcionales a tiempo y dentro del presupuesto.<\/span><\/p>\n<\/div>\n<\/div>\n<\/div>\n<\/div>\n<\/div>\n<div class=\"brz-columns brz-css-ok6olw brz-css-17du2c0\" data-brz-custom-id=\"ilpYgl1P52Ei\">\n<div class=\"brz-column__items brz-css-cjm7bk brz-css-1o4x5ct\">\n<div id=\"\" class=\"brz-css-17bwzfk brz-css-1spbmpq brz-wrapper\">\n<div class=\"brz-image brz-css-1r0dntr brz-css-7o5pks\" data-brz-custom-id=\"g2A8w5UEaBvV\"><img decoding=\"async\" class=\"brz-img\" src=\"https:\/\/simplifymallorca.com\/es\/?brizy_media=380c6941e2f701dd0eabfeeda2b5ff46.jpg&amp;brizy_crop=original\" alt=\"\" title=\"380c6941e2f701dd0eabfeeda2b5ff46.jpg\" loading=\"lazy\"><\/div>\n<\/div>\n<\/div>\n<\/div>\n<\/div>\n<\/div>\n<\/div>\n<\/div>\n<\/section>\n<section id=\"fdb9bd9a3cb54eac04b7_dggRlvS_tryT\" class=\"brz-section brz-css-r20h3 brz-css-1bmf8d4\">\n<div class=\"brz-section__content brz-section--boxed brz-css-141by7a brz-css-1qkjfm4\" data-brz-custom-id=\"lpiqQu0goz1B\">\n<div class=\"brz-bg\">\n<div class=\"brz-bg-image\"><\/div>\n<div class=\"brz-bg-color\"><\/div>\n<\/div>\n<div class=\"brz-container brz-css-wqulqs brz-css-xoncfu\">\n<div id=\"\" class=\"brz-css-17bwzfk brz-css-191seqk brz-wrapper\">\n<div class=\"brz-rich-text brz-rich-text__custom brz-css-td75fw brz-css-1ovyr0k\" data-brz-custom-id=\"aG5BWYqHxEKG\">\n<div data-brz-translate-text=\"1\">\n<h2 class=\"brz-tp-lg-vk9VmqqFEZvJ brz-ff-kaushan_script brz-ft-google brz-fs-lg-48 brz-fss-lg-px brz-fw-lg-400 brz-ls-lg-m_1 brz-lh-lg-1_4 brz-vfw-lg-400 brz-fwdth-lg-100 brz-fsft-lg-0 brz-text-lg-right brz-css-sM6uA\" data-generated-css=\"brz-css-sXwaL\" data-uniq-id=\"dxbVh\"><span class=\"brz-cp-color4 brz-capitalize-on\">Dise\u00f1ar un estilo de vida distintivo, inspirado en la belleza de Mallorca<\/span><\/h2>\n<\/div>\n<\/div>\n<\/div>\n<\/div>\n<\/div>\n<\/section>\n<section id=\"818eb16a4063f12a76ef_mFt6OnFBV714\" class=\"brz-section brz-css-r20h3 brz-css-zxjt2m\">\n<div class=\"brz-section__content brz-section--boxed brz-css-141by7a brz-css-ylwqit\" data-brz-custom-id=\"mOngXPj7aSbv\">\n<div class=\"brz-container brz-css-wqulqs brz-css-vvglvz\">\n<div class=\"brz-row__container brz-css-1arcwqp brz-css-i3qwcj\" data-brz-custom-id=\"tE1BzYifNAVl\">\n<div class=\"brz-row brz-css-gqwcki brz-css-1n8e1s3 brz-css-1kc3vjc\">\n<div class=\"brz-columns brz-css-ok6olw brz-css-megz7o\" data-brz-custom-id=\"sglBtmjoxj2x\">\n<div class=\"brz-column__items brz-css-cjm7bk brz-css-15rapfx\">\n<div id=\"\" class=\"brz-css-17bwzfk brz-css-4n8lon brz-wrapper\">\n<div class=\"brz-image brz-css-1q3lv8o brz-css-427j8q\" data-brz-custom-id=\"c4_fQhHw4Pio\"><img decoding=\"async\" class=\"brz-img\" src=\"https:\/\/simplifymallorca.com\/es\/?brizy_media=4213fd0f7d0704a0a1b2dcd16a0d7c83.jpg&amp;brizy_crop=original\" alt=\"\" title=\"4213fd0f7d0704a0a1b2dcd16a0d7c83.jpg\" loading=\"lazy\"><\/div>\n<\/div>\n<\/div>\n<\/div>\n<div class=\"brz-columns brz-css-ok6olw brz-css-vkz60d\" data-brz-custom-id=\"eADMs2NIW1vA\">\n<div class=\"brz-column__items brz-css-cjm7bk brz-css-7a6qq1\">\n<div id=\"\" class=\"brz-css-17bwzfk brz-css-1qiac7i brz-wrapper\">\n<div class=\"brz-rich-text brz-rich-text__custom brz-css-td75fw brz-css-vlji6g\" data-brz-custom-id=\"fCRNunoJRS_9\">\n<div data-brz-translate-text=\"1\">\n<p class=\"brz-tp-lg-subtitle brz-css-yeSRm\" data-uniq-id=\"o4gwv\" data-generated-css=\"brz-css-goSos\"><span class=\"brz-cp-color3\">Nuestro equipo de expertos en el desarrollo de proyectos en Mallorca pone en primer lugar las necesidades de los propietarios privados, centr\u00e1ndose en la sostenibilidad a largo plazo y la mejora del valor. Nuestro equipo de profesionales experimentados garantiza que cada proyecto se ejecute con precisi\u00f3n y atenci\u00f3n al detalle, superando sus expectativas en todos los sentidos.<\/span><\/p>\n<\/div>\n<\/div>\n<\/div>\n<\/div>\n<\/div>\n<\/div>\n<\/div>\n<div id=\"\" class=\"brz-css-17bwzfk brz-css-5rnt7x brz-css-1x4t3ly brz-wrapper\">\n<div class=\"brz-spacer brz-css-rvuwuw brz-css-1j2ueb8\"><\/div>\n<\/div>\n<div class=\"brz-row__container brz-css-1arcwqp brz-css-1cmw6h2\" data-brz-custom-id=\"iGAoTqI3914Q\">\n<div class=\"brz-row brz-css-gqwcki brz-css-1n8e1s3 brz-css-eiyeb7\">\n<div class=\"brz-columns brz-css-ok6olw brz-css-1157ber\" data-brz-custom-id=\"wQ6e5UcKX2Iw\">\n<div class=\"brz-column__items brz-css-cjm7bk brz-css-12wbzqw\">\n<div id=\"\" class=\"brz-css-17bwzfk brz-css-1x85zl9 brz-wrapper\">\n<div class=\"brz-rich-text brz-rich-text__custom brz-css-td75fw brz-css-1zurg0\" data-brz-custom-id=\"sgDUIMp4uiaD\">\n<div data-brz-translate-text=\"1\">\n<p class=\"brz-tp-lg-subtitle brz-css-pwR7h\" data-uniq-id=\"hSBv6\" data-generated-css=\"brz-css-af4Lz\"><span class=\"brz-cp-color3\">Experimente la tranquilidad de saber que su propiedad est\u00e1 en buenas manos con Mallorca Project Management. P\u00f3ngase en contacto con nosotros hoy mismo para obtener m\u00e1s informaci\u00f3n sobre nuestros servicios de desarrollo de proyectos y c\u00f3mo podemos ayudarle a liberar todo el potencial de su inversi\u00f3n en Mallorca.<\/span><\/p>\n<\/div>\n<\/div>\n<\/div>\n<\/div>\n<\/div>\n<div class=\"brz-columns brz-css-ok6olw brz-css-nvz6bo\" data-brz-custom-id=\"vkHqVKpVTczD\">\n<div class=\"brz-column__items brz-css-cjm7bk brz-css-txzi8j\">\n<div id=\"\" class=\"brz-css-17bwzfk brz-css-o6rjcf brz-wrapper\">\n<div class=\"brz-image brz-css-1gxq42w brz-css-1uqcog9\" data-brz-custom-id=\"dcwI5VGyU0jo\"><img decoding=\"async\" class=\"brz-img\" src=\"https:\/\/simplifymallorca.com\/es\/?brizy_media=992451eaa6af4904c2bea4421b417f80.jpg&amp;brizy_crop=original\" alt=\"\" title=\"992451eaa6af4904c2bea4421b417f80.jpg\" loading=\"lazy\"><\/div>\n<\/div>\n<\/div>\n<\/div>\n<\/div>\n<\/div>\n<\/div>\n<\/div>\n<\/section>\n<section id=\"bff85f4161b35760743c_fE5MM6niZ1JP\" class=\"brz-section brz-css-r20h3 brz-css-1momasg\">\n<div class=\"brz-section__content brz-section--boxed brz-css-141by7a brz-css-gvasn6\" data-brz-custom-id=\"zORmOMC1La5I\">\n<div class=\"brz-bg\">\n<div class=\"brz-bg-image\"><\/div>\n<div class=\"brz-bg-color\"><\/div>\n<\/div>\n<div class=\"brz-container brz-css-wqulqs brz-css-4pqj9s\">\n<div id=\"\" class=\"brz-css-17bwzfk brz-css-ndtsi7 brz-wrapper\">\n<div class=\"brz-rich-text brz-rich-text__custom brz-css-td75fw brz-css-1f5qx61\" data-brz-custom-id=\"wzLk1tPV4o0k\">\n<div data-brz-translate-text=\"1\">\n<h2 class=\"brz-tp-lg-vk9VmqqFEZvJ brz-fs-lg-30 brz-ft-google brz-ff-kaushan_script brz-fsft-lg-0 brz-fwdth-lg-100 brz-vfw-lg-400 brz-lh-lg-1_9 brz-ls-lg-0 brz-fw-lg-400 brz-fss-lg-px brz-text-lg-right brz-css-rYscp\" data-generated-css=\"brz-css-dqJkC\" data-uniq-id=\"a59BV\"><span class=\"brz-cp-color4 brz-capitalize-on\">Servicios de desarrollo de proyectos de construcci\u00f3n personalizados<\/span><\/h2>\n<\/div>\n<\/div>\n<\/div>\n<\/div>\n<\/div>\n<\/section>\n<section id=\"f903001d66a0f20960ce_qMoMIRV1xOkT\" class=\"brz-section brz-css-r20h3 brz-css-1w30knr\">\n<div class=\"brz-section__content brz-section--boxed brz-css-141by7a brz-css-1m6d3od\" data-brz-custom-id=\"ip223_VLnGts\">\n<div class=\"brz-container brz-css-wqulqs brz-css-1fg6bzl\">\n<div id=\"\" class=\"brz-css-17bwzfk brz-css-36mj6g brz-wrapper\">\n<div class=\"brz-rich-text brz-rich-text__custom brz-css-td75fw brz-css-1vph4aw\" data-brz-custom-id=\"latakND9ygl5\">\n<div data-brz-translate-text=\"1\">\n<h2 class=\"brz-tp-lg-heading3 brz-text-lg-center brz-css-ep4GF\" data-generated-css=\"brz-css-chGSr\" data-uniq-id=\"lLN8N\"><span class=\"brz-cp-color3 brz-capitalize-on\">desarrollo de proyectos de construcci\u00f3n en Mallorca &#8211; Preguntas frecuentes<\/span><\/h2>\n<\/div>\n<\/div>\n<\/div>\n<div id=\"\" class=\"brz-css-17bwzfk brz-css-5rnt7x brz-css-bgr8fo brz-wrapper\">\n<div class=\"brz-spacer brz-css-rvuwuw brz-css-f8dbsk\"><\/div>\n<\/div>\n<div id=\"\" class=\"brz-css-17bwzfk brz-css-xvk4lo brz-wrapper\">\n<div class=\"brz-accordion brz-css-p8dj04 brz-css-1hb6bpd\" data-brz-duration=\"300\" data-brz-custom-id=\"m5zl7SmL3ssj\">\n<div class=\"brz-accordion__item\">\n<div class=\"brz-accordion__nav\" data-brz-collapsible=\"off\">\n<h3 data-brz-translate-text=\"1\" class=\"brz-accordion__nav-title brz-h3 brz-text__editor\">\u00bfQu\u00e9 servicios cubre su desarrollo de proyectos de contrucci\u00f3n?<\/h3>\n<\/div>\n<div class=\"brz-accordion__content brz-d-xs-flex brz-flex-xs-column\">\n<div class=\"brz-accordion__item-content brz-d-xs-flex brz-flex-xs-column\">\n<div id=\"\" class=\"brz-css-17bwzfk brz-css-1c0huaq brz-wrapper\">\n<div class=\"brz-rich-text brz-rich-text__custom brz-css-td75fw brz-css-1nbbokj\" data-brz-custom-id=\"k8fNvkvcPMV6\">\n<div data-brz-translate-text=\"1\">\n<p class=\"brz-tp-lg-paragraph brz-css-ocovR\" data-generated-css=\"brz-css-mOM30\" data-uniq-id=\"yokJU\"><span class=\"brz-cp-color7\">Nuestros servicios de desarrollo de proyectos abarcan la construcci\u00f3n de casas nuevas, la remodelaci\u00f3n de fincas existentes y la conservaci\u00f3n y modernizaci\u00f3n de antiguas casas adosadas mallorquinas en ruinas. Nos especializamos en la rehabilitaci\u00f3n de edificios antiguos, dando prioridad a la preservaci\u00f3n de los detalles con encanto y car\u00e1cter.<\/span><\/p>\n<\/div>\n<\/div>\n<\/div>\n<\/div>\n<\/div>\n<\/div>\n<div class=\"brz-accordion__item\">\n<div class=\"brz-accordion__nav\" data-brz-collapsible=\"off\">\n<h3 data-brz-translate-text=\"1\" class=\"brz-accordion__nav-title brz-h3 brz-text__editor\">\u00bfC\u00f3mo se garantiza una gesti\u00f3n eficaz de los proyectos y el control de calidad?<\/h3>\n<\/div>\n<div class=\"brz-accordion__content brz-d-xs-flex brz-flex-xs-column\">\n<div class=\"brz-accordion__item-content brz-d-xs-flex brz-flex-xs-column\">\n<div id=\"\" class=\"brz-css-17bwzfk brz-css-i40l0k brz-wrapper\">\n<div class=\"brz-rich-text brz-rich-text__custom brz-css-td75fw brz-css-hxd5f9\" data-brz-custom-id=\"fMpBAAd4G_D5\">\n<div data-brz-translate-text=\"1\">\n<p class=\"brz-tp-lg-paragraph brz-css-lblgp\" data-uniq-id=\"palup\" data-generated-css=\"brz-css-obHEh\"><span class=\"brz-cp-color7\">Empleamos varias medidas para garantizar una gesti\u00f3n eficaz de los proyectos y el control de calidad. Entre ellas figuran la preparaci\u00f3n de c\u00e1lculos de costes precisos, la obtenci\u00f3n de presupuestos comparables, la perfecta integraci\u00f3n de arquitectos, dise\u00f1adores de interiores y artesanos, as\u00ed como el uso de productos del extranjero cuando es necesario. Adem\u00e1s, comprobamos meticulosamente las facturas para garantizar la transparencia y la exactitud durante todo el proyecto.<\/span><\/p>\n<\/div>\n<\/div>\n<\/div>\n<\/div>\n<\/div>\n<\/div>\n<div class=\"brz-accordion__item\">\n<div class=\"brz-accordion__nav\" data-brz-collapsible=\"off\">\n<h3 data-brz-translate-text=\"1\" class=\"brz-accordion__nav-title brz-h3 brz-text__editor\">\u00bfOfrecen servicios para legalizar extensiones antes ilegales?<\/h3>\n<\/div>\n<div class=\"brz-accordion__content brz-d-xs-flex brz-flex-xs-column\">\n<div class=\"brz-accordion__item-content brz-d-xs-flex brz-flex-xs-column\">\n<div id=\"\" class=\"brz-css-17bwzfk brz-css-nn3170 brz-wrapper\">\n<div class=\"brz-rich-text brz-rich-text__custom brz-css-td75fw brz-css-4yk13q\" data-brz-custom-id=\"m9n2tqEKMI1R\">\n<div data-brz-translate-text=\"1\">\n<p class=\"brz-tp-lg-paragraph brz-css-jNmIA\" data-uniq-id=\"b7X0t\" data-generated-css=\"brz-css-iD_Iw\"><span class=\"brz-cp-color7\">S\u00ed, ofrecemos servicios de legalizaci\u00f3n de extensiones anteriormente ilegales. Nuestro equipo de arquitectos profesionales colabora estrechamente con los clientes para llevar a cabo el proceso de legalizaci\u00f3n de forma eficiente y garantizar el cumplimiento de toda la normativa pertinente.<\/span><\/p>\n<\/div>\n<\/div>\n<\/div>\n<\/div>\n<\/div>\n<\/div>\n<div class=\"brz-accordion__item\">\n<div class=\"brz-accordion__nav\" data-brz-collapsible=\"off\">\n<h3 data-brz-translate-text=\"1\" class=\"brz-accordion__nav-title brz-h3 brz-text__editor\">\u00bfC\u00f3mo se asegura de que el desarrollo del proyecto se ajusta al presupuesto y al calendario?<\/h3>\n<\/div>\n<div class=\"brz-accordion__content brz-d-xs-flex brz-flex-xs-column\">\n<div class=\"brz-accordion__item-content brz-d-xs-flex brz-flex-xs-column\">\n<div id=\"\" class=\"brz-css-17bwzfk brz-css-v5b4j4 brz-wrapper\">\n<div class=\"brz-rich-text brz-rich-text__custom brz-css-td75fw brz-css-d9dlte\" data-brz-custom-id=\"grYZMyowso8y\">\n<div data-brz-translate-text=\"1\">\n<p class=\"brz-tp-lg-paragraph brz-css-xzUew\" data-uniq-id=\"qbXsC\" data-generated-css=\"brz-css-i6RkG\"><span class=\"brz-cp-color7\">Aplicamos rigurosas pr\u00e1cticas de gesti\u00f3n de proyectos en nuestro proceso de desarrollo de proyectos, incluida la presupuestaci\u00f3n y programaci\u00f3n detalladas, para garantizar que el proyecto siga su curso. Para mantenerle informado, le enviamos peri\u00f3dicamente informes de situaci\u00f3n y actualizaciones financieras, y cualquier posible problema se aborda con prontitud para minimizar los retrasos y los sobrecostes. Nuestro compromiso con la comunicaci\u00f3n transparente y la resoluci\u00f3n proactiva de problemas contribuye a garantizar que el desarrollo de su proyecto se complete con \u00e9xito, a tiempo y dentro del presupuesto.<\/span><\/p>\n<\/div>\n<\/div>\n<\/div>\n<\/div>\n<\/div>\n<\/div>\n<div class=\"brz-accordion__item\">\n<div class=\"brz-accordion__nav\" data-brz-collapsible=\"off\">\n<h3 data-brz-translate-text=\"1\" class=\"brz-accordion__nav-title brz-h3 brz-text__editor\">\u00bfC\u00f3mo colabora con los clientes a lo largo del proceso de desarrollo del proyecto?<\/h3>\n<\/div>\n<div class=\"brz-accordion__content brz-d-xs-flex brz-flex-xs-column\">\n<div class=\"brz-accordion__item-content brz-d-xs-flex brz-flex-xs-column\">\n<div id=\"\" class=\"brz-css-17bwzfk brz-css-1iptkme brz-wrapper\">\n<div class=\"brz-rich-text brz-rich-text__custom brz-css-td75fw brz-css-1dhoff9\" data-brz-custom-id=\"mO_5zj_VhZDU\">\n<div data-brz-translate-text=\"1\">\n<p class=\"brz-tp-lg-paragraph brz-css-riJam\" data-uniq-id=\"bMQAg\" data-generated-css=\"brz-css-xcAgG\"><span class=\"brz-cp-color7\">Creemos en la comunicaci\u00f3n transparente y en la colaboraci\u00f3n con nuestros clientes en todo momento. Desde las consultas iniciales hasta las inspecciones finales, implicamos activamente a los clientes en los procesos de toma de decisiones y les mantenemos informados sobre el progreso del proyecto, los plazos y las consideraciones presupuestarias.<\/span><\/p>\n<\/div>\n<\/div>\n<\/div>\n<\/div>\n<\/div>\n<\/div>\n<div class=\"brz-accordion__item\">\n<div class=\"brz-accordion__nav\" data-brz-collapsible=\"off\">\n<h3 data-brz-translate-text=\"1\" class=\"brz-accordion__nav-title brz-h3 brz-text__editor\">\u00bfQu\u00e9 diferencia a sus servicios de gesti\u00f3n de desarrollo de proyectos de los dem\u00e1s?<\/h3>\n<\/div>\n<div class=\"brz-accordion__content brz-d-xs-flex brz-flex-xs-column\">\n<div class=\"brz-accordion__item-content brz-d-xs-flex brz-flex-xs-column\">\n<div id=\"\" class=\"brz-css-17bwzfk brz-css-1rzdx5d brz-wrapper\">\n<div class=\"brz-rich-text brz-rich-text__custom brz-css-td75fw brz-css-zu6vu9\" data-brz-custom-id=\"y5bGiqnnxM3T\">\n<div data-brz-translate-text=\"1\">\n<p class=\"brz-tp-lg-paragraph brz-css-bNudN\" data-uniq-id=\"i8UW5\" data-generated-css=\"brz-css-rGHs1\"><span class=\"brz-cp-color7\">Nuestro compromiso con la conservaci\u00f3n del car\u00e1cter de los edificios antiguos, la atenci\u00f3n al detalle y la dedicaci\u00f3n a la artesan\u00eda de calidad nos distinguen. Nos esforzamos por superar las expectativas de nuestros clientes ofreciendo resultados excepcionales que realzan la belleza y el valor de sus propiedades.<\/span><\/p>\n<\/div>\n<\/div>\n<\/div>\n<\/div>\n<\/div>\n<\/div>\n<\/div>\n<\/div>\n<\/div>\n<\/div>\n<\/section>\n<\/div>\n<p>    <!-- version:1754041662 --><\/p>\n","protected":false},"excerpt":{"rendered":"<p>Desarrollo de proyectos de construcci\u00f3n en Mallorca Servicios de desarrollo de proyectos de contrucci\u00f3n personalizados para propietarios privados en Mallorca [&hellip;]<\/p>\n","protected":false},"author":1,"featured_media":0,"parent":0,"menu_order":0,"comment_status":"closed","ping_status":"closed","template":"","meta":{"_uag_custom_page_level_css":"","site-sidebar-layout":"default","site-content-layout":"","ast-site-content-layout":"","site-content-style":"default","site-sidebar-style":"default","ast-global-header-display":"","ast-banner-title-visibility":"","ast-main-header-display":"","ast-hfb-above-header-display":"","ast-hfb-below-header-display":"","ast-hfb-mobile-header-display":"","site-post-title":"disabled","ast-breadcrumbs-content":"","ast-featured-img":"","footer-sml-layout":"","ast-disable-related-posts":"","theme-transparent-header-meta":"","adv-header-id-meta":"","stick-header-meta":"","header-above-stick-meta":"","header-main-stick-meta":"","header-below-stick-meta":"","astra-migrate-meta-layouts":"default","ast-page-background-enabled":"default","ast-page-background-meta":{"desktop":{"background-color":"var(--ast-global-color-4)","background-image":"","background-repeat":"repeat","background-position":"center center","background-size":"auto","background-attachment":"scroll","background-type":"","background-media":"","overlay-type":"","overlay-color":"","overlay-opacity":"","overlay-gradient":""},"tablet":{"background-color":"","background-image":"","background-repeat":"repeat","background-position":"center center","background-size":"auto","background-attachment":"scroll","background-type":"","background-media":"","overlay-type":"","overlay-color":"","overlay-opacity":"","overlay-gradient":""},"mobile":{"background-color":"","background-image":"","background-repeat":"repeat","background-position":"center center","background-size":"auto","background-attachment":"scroll","background-type":"","background-media":"","overlay-type":"","overlay-color":"","overlay-opacity":"","overlay-gradient":""}},"ast-content-background-meta":{"desktop":{"background-color":"var(--ast-global-color-5)","background-image":"","background-repeat":"repeat","background-position":"center center","background-size":"auto","background-attachment":"scroll","background-type":"","background-media":"","overlay-type":"","overlay-color":"","overlay-opacity":"","overlay-gradient":""},"tablet":{"background-color":"var(--ast-global-color-5)","background-image":"","background-repeat":"repeat","background-position":"center center","background-size":"auto","background-attachment":"scroll","background-type":"","background-media":"","overlay-type":"","overlay-color":"","overlay-opacity":"","overlay-gradient":""},"mobile":{"background-color":"var(--ast-global-color-5)","background-image":"","background-repeat":"repeat","background-position":"center center","background-size":"auto","background-attachment":"scroll","background-type":"","background-media":"","overlay-type":"","overlay-color":"","overlay-opacity":"","overlay-gradient":""}},"footnotes":""},"class_list":["post-1490","page","type-page","status-publish","hentry"],"uagb_featured_image_src":{"full":false,"thumbnail":false,"medium":false,"medium_large":false,"large":false,"1536x1536":false,"2048x2048":false},"uagb_author_info":{"display_name":"CTIX_Admin24","author_link":"https:\/\/simplifymallorca.com\/es\/magazine\/author\/ctix_admin24\/"},"uagb_comment_info":0,"uagb_excerpt":"Desarrollo de proyectos de construcci\u00f3n en Mallorca Servicios de desarrollo de proyectos de contrucci\u00f3n personalizados para propietarios privados en Mallorca [&hellip;]","brizy_media":[],"_links":{"self":[{"href":"https:\/\/simplifymallorca.com\/es\/wp-json\/wp\/v2\/pages\/1490","targetHints":{"allow":["GET"]}}],"collection":[{"href":"https:\/\/simplifymallorca.com\/es\/wp-json\/wp\/v2\/pages"}],"about":[{"href":"https:\/\/simplifymallorca.com\/es\/wp-json\/wp\/v2\/types\/page"}],"author":[{"embeddable":true,"href":"https:\/\/simplifymallorca.com\/es\/wp-json\/wp\/v2\/users\/1"}],"replies":[{"embeddable":true,"href":"https:\/\/simplifymallorca.com\/es\/wp-json\/wp\/v2\/comments?post=1490"}],"version-history":[{"count":20,"href":"https:\/\/simplifymallorca.com\/es\/wp-json\/wp\/v2\/pages\/1490\/revisions"}],"predecessor-version":[{"id":3758,"href":"https:\/\/simplifymallorca.com\/es\/wp-json\/wp\/v2\/pages\/1490\/revisions\/3758"}],"wp:attachment":[{"href":"https:\/\/simplifymallorca.com\/es\/wp-json\/wp\/v2\/media?parent=1490"}],"curies":[{"name":"wp","href":"https:\/\/api.w.org\/{rel}","templated":true}]}}